{"id":359,"date":"2018-08-09T07:09:40","date_gmt":"2018-08-09T07:09:40","guid":{"rendered":"http:\/\/jthemes.org\/wp\/pergo\/demos\/?page_id=359"},"modified":"2020-03-06T12:10:08","modified_gmt":"2020-03-06T17:10:08","slug":"startup-1","status":"publish","type":"page","link":"https:\/\/www.servicios.gayso.com.co\/","title":{"rendered":"05 &#8211; Startup 1"},"content":{"rendered":"<p>[vc_section enable_hero=&#8221;yes&#8221; hero_id=&#8221;hero-5&#8243; padding_class=&#8221;wide-0&#8243; css=&#8221;.vc_custom_1579836575772{background-image: url(https:\/\/www.servicios.gayso.com.co\/wp-content\/uploads\/2020\/01\/banner-01.jpg?id=3423) !important;background-position: center !important;background-repeat: no-repeat !important;background-size: cover !important;}&#8221; el_id=&#8221;hero-5&#8243;][vc_row el_id=&#8221;inicio&#8221;][vc_column][pergo_hero_content align=&#8221;left&#8221; column=&#8221;half&#8221; title=&#8221;Un buen espacio laboral es importante para el bienestar de todos&#8221; subtitle=&#8221;Servicios en higiene ocupacional, seguridad industrial y cuidado ambiental&#8221; right_content_type=&#8221;form&#8221; form_title=&#8221;\u00a1Solicita una cotizaci\u00f3n sin Costo!&#8221; form_desc=&#8221;Nuestro equipo estar\u00e1 atento para asesorarte&#8221; form_id=&#8221;780&#8243; tag=&#8221;h2:h2-sm&#8221; title_text_color=&#8221;white&#8221; subtitle_text_color=&#8221;white&#8221; subtitle_text_size=&#8221;p-lg font-weight-bold&#8221;][\/pergo_hero_content][\/vc_column][\/vc_row][\/vc_section][vc_section padding_class=&#8221;wide-0&#8243; el_id=&#8221;certificacion&#8221;][vc_row][vc_column][pergo_section_title title=&#8221;&#8221; subtitle=&#8221;En GAYSO S.A.S. contamos con un amplio y capacitado equipo de profesionales especializados y con amplia experiencia en el campo de la higiene ocupacional y la gesti\u00f3n ambiental. Contamos con la m\u00e1s alta tecnolog\u00eda en equipos e instrumentos utilizados para lograr la valoraci\u00f3n de riesgos de naturaleza f\u00edsica o qu\u00edmica.<\/p>\n<p>Tambi\u00e9n contamos con licencia del Ministerio de Salud, bajo la Resoluci\u00f3n 024028 de Septiembre de 2011&#8243;][\/pergo_section_title][vc_empty_space][\/vc_column][\/vc_row][\/vc_section][vc_section parallax=&#8221;content-moving&#8221; parallax_image=&#8221;https:\/\/www.servicios.gayso.com.co\/wp-content\/uploads\/2020\/01\/banner-02.jpg&#8221; bg_class=&#8221;bg-tra&#8221; parallax_image_repeat=&#8221;&#8221; parallax_image_position=&#8221;50% 0&#8243; parallax_image_attachment=&#8221;fixed&#8221; el_id=&#8221;pricing-2-title&#8221; el_class=&#8221;white-color&#8221; css=&#8221;.vc_custom_1579836445482{background-image: url(https:\/\/www.servicios.gayso.com.co\/wp-content\/uploads\/2020\/01\/banner-02.jpg?id=3463) !important;}&#8221;][vc_row el_id=&#8221;servicios&#8221;][vc_column][pergo_section_title title=&#8221;Nuestros servicios&#8221; subtitle=&#8221;Nos dedicamos a la prestaci\u00f3n de servicios, personalizados y eficientes en las \u00e1reas de la higiene ocupacional, la seguridad industrial y el cuidado ambiental. Contamos con un equipo multidisciplinario de profesionales, identificados por la convicci\u00f3n de su labor y enfocados en el cumplimiento de los sistemas y las normas de calidad para garantizar el avance y bienestar de nuestros usuarios y sus empresas.&#8221; tag=&#8221;h2:h2-xs&#8221;][\/pergo_section_title][\/vc_column][\/vc_row][\/vc_section][vc_section padding_class=&#8221;wide-0&#8243; bg_class=&#8221;bg-tra&#8221; el_id=&#8221;pricing-2-content&#8221;][vc_row][vc_column][pergo_highlight_boxes params=&#8221;%5B%7B%22subtitle%22%3A%22%3Cdiv%20class%3D%5C%22wpb_wrapper%5C%22%3E%3Cdiv%20class%3D%5C%22vc_empty_space%5C%22%20style%3D%5C%22height%3A%2032px%5C%22%3E%3Cspan%20class%3D%5C%22vc_empty_space_inner%5C%22%3E%3C%2Fspan%3E%3C%2Fdiv%3E%5Cn%5Ct%3Cdiv%20class%3D%5C%22wpb_single_image%20wpb_content_element%20vc_align_center%5C%22%3E%5Cn%5Ct%5Ct%5Cn%5Ct%5Ct%3Cfigure%20class%3D%5C%22wpb_wrapper%20vc_figure%5C%22%3E%5Cn%5Ct%5Ct%5Ct%3Cdiv%20class%3D%5C%22vc_single_image-wrapper%20%20%20vc_box_border_grey%5C%22%3E%3Cimg%20width%3D%5C%22152%5C%22%20height%3D%5C%22152%5C%22%20src%3D%5C%22https%3A%2F%2Fwww.servicios.gayso.com.co%2Fwp-content%2Fuploads%2F2020%2F01%2Ficon1.png%5C%22%20class%3D%5C%22vc_single_image-img%20img-fluid%20attachment-full%5C%22%20alt%3D%5C%22%5C%22%20srcset%3D%5C%22https%3A%2F%2Fwww.servicios.gayso.com.co%2Fwp-content%2Fuploads%2F2020%2F01%2Ficon1.png%20152w%5C%22%20sizes%3D%5C%22(max-width%3A%20152px)%20100vw%2C%20152px%5C%22%20draggable%3D%5C%22true%5C%22%20data-bukket-ext-bukket-draggable%3D%5C%22true%5C%22%3E%3C%2Fdiv%3E%5Cn%5Ct%5Ct%3C%2Ffigure%3E%5Cn%5Ct%3C%2Fdiv%3E%5Cn%3Ch4%20style%3D%5C%22text-align%3A%20center%5C%22%20class%3D%5C%22vc_custom_heading%5C%22%3EMedici%C3%B3n%20de%20ruido%20ocupacional%20mediante%20sonometr%C3%ADas%20y%20dosimetr%C3%ADas%3C%2Fh4%3E%3Cdiv%20class%3D%5C%22vc_empty_space%5C%22%20style%3D%5C%22height%3A%2032px%5C%22%3E%3Cspan%20class%3D%5C%22vc_empty_space_inner%5C%22%3E%3C%2Fspan%3E%3C%2Fdiv%3E%3C%2Fdiv%3E%22%7D%2C%7B%22subtitle%22%3A%22%3Cdiv%20class%3D%5C%22wpb_wrapper%5C%22%3E%3Cdiv%20class%3D%5C%22vc_empty_space%5C%22%20style%3D%5C%22height%3A%2032px%5C%22%3E%3Cspan%20class%3D%5C%22vc_empty_space_inner%5C%22%3E%3C%2Fspan%3E%3C%2Fdiv%3E%5Cn%5Ct%3Cdiv%20class%3D%5C%22wpb_single_image%20wpb_content_element%20vc_align_center%5C%22%3E%5Cn%5Ct%5Ct%5Cn%5Ct%5Ct%3Cfigure%20class%3D%5C%22wpb_wrapper%20vc_figure%5C%22%3E%5Cn%5Ct%5Ct%5Ct%3Cdiv%20class%3D%5C%22vc_single_image-wrapper%20%20%20vc_box_border_grey%5C%22%3E%3Cimg%20width%3D%5C%22152%5C%22%20height%3D%5C%22152%5C%22%20src%3D%5C%22https%3A%2F%2Fwww.servicios.gayso.com.co%2Fwp-content%2Fuploads%2F2020%2F01%2Ficon2.png%5C%22%20class%3D%5C%22vc_single_image-img%20img-fluid%20attachment-full%5C%22%20alt%3D%5C%22%5C%22%20srcset%3D%5C%22https%3A%2F%2Fwww.servicios.gayso.com.co%2Fwp-content%2Fuploads%2F2020%2F01%2Ficon2.png%20152w%5C%22%20sizes%3D%5C%22(max-width%3A%20152px)%20100vw%2C%20152px%5C%22%20draggable%3D%5C%22true%5C%22%20data-bukket-ext-bukket-draggable%3D%5C%22true%5C%22%3E%3C%2Fdiv%3E%5Cn%5Ct%5Ct%3C%2Ffigure%3E%5Cn%5Ct%3C%2Fdiv%3E%5Cn%3Ch4%20style%3D%5C%22text-align%3A%20center%5C%22%20class%3D%5C%22vc_custom_heading%5C%22%3EMedici%C3%B3n%20del%20nivel%20de%20iluminaci%C3%B3n%20en%20%C3%A1reas%20y%20puestos%20de%20trabajo%3C%2Fh4%3E%3Cdiv%20class%3D%5C%22vc_empty_space%5C%22%20style%3D%5C%22height%3A%2032px%5C%22%3E%3Cspan%20class%3D%5C%22vc_empty_space_inner%5C%22%3E%3C%2Fspan%3E%3C%2Fdiv%3E%3C%2Fdiv%3E%22%7D%2C%7B%22subtitle%22%3A%22%3Cdiv%20class%3D%5C%22wpb_wrapper%5C%22%3E%3Cdiv%20class%3D%5C%22vc_empty_space%5C%22%20style%3D%5C%22height%3A%2032px%5C%22%3E%3Cspan%20class%3D%5C%22vc_empty_space_inner%5C%22%3E%3C%2Fspan%3E%3C%2Fdiv%3E%5Cn%5Ct%3Cdiv%20class%3D%5C%22wpb_single_image%20wpb_content_element%20vc_align_center%5C%22%3E%5Cn%5Ct%5Ct%5Cn%5Ct%5Ct%3Cfigure%20class%3D%5C%22wpb_wrapper%20vc_figure%5C%22%3E%5Cn%5Ct%5Ct%5Ct%3Cdiv%20class%3D%5C%22vc_single_image-wrapper%20%20%20vc_box_border_grey%5C%22%3E%3Cimg%20width%3D%5C%22152%5C%22%20height%3D%5C%22152%5C%22%20src%3D%5C%22https%3A%2F%2Fwww.servicios.gayso.com.co%2Fwp-content%2Fuploads%2F2020%2F01%2Ficon3.png%5C%22%20class%3D%5C%22vc_single_image-img%20img-fluid%20attachment-full%5C%22%20alt%3D%5C%22%5C%22%20srcset%3D%5C%22https%3A%2F%2Fwww.servicios.gayso.com.co%2Fwp-content%2Fuploads%2F2020%2F01%2Ficon3.png%20152w%5C%22%20sizes%3D%5C%22(max-width%3A%20152px)%20100vw%2C%20152px%5C%22%20draggable%3D%5C%22true%5C%22%20data-bukket-ext-bukket-draggable%3D%5C%22true%5C%22%3E%3C%2Fdiv%3E%5Cn%5Ct%5Ct%3C%2Ffigure%3E%5Cn%5Ct%3C%2Fdiv%3E%3Ch4%20style%3D%5C%22text-align%3A%20center%5C%22%20class%3D%5C%22vc_custom_heading%5C%22%3EMedici%C3%B3n%20de%20material%20particulado%3C%2Fh4%3E%3Cdiv%20class%3D%5C%22vc_empty_space%5C%22%20style%3D%5C%22height%3A%2032px%5C%22%3E%3Cspan%20class%3D%5C%22vc_empty_space_inner%5C%22%3E%3C%2Fspan%3E%3C%2Fdiv%3E%3C%2Fdiv%3E%22%7D%5D&#8221;][\/vc_column][\/vc_row][vc_row][vc_column][vc_empty_space height=&#8221;40px&#8221;][\/vc_column][\/vc_row][\/vc_section][vc_section full_width=&#8221;container-wide&#8221; el_id=&#8221;what-you-will-get&#8221; css=&#8221;.vc_custom_1583511856497{background-color: #f2f2f2 !important;}&#8221;][vc_row full_width=&#8221;stretch_row_content_no_spaces&#8221;][vc_column][pergo_digital_strategy display_style=&#8221;content-9&#8243; image=&#8221;https:\/\/www.servicios.gayso.com.co\/wp-content\/uploads\/2020\/03\/IMG-20191003-WA0040-2.jpg&#8221; subtitle=&#8221;Somos expertos&#8221; title=&#8221;Servicios adicionales&#8221; display=&#8221;counter&#8221; counter_group=&#8221;%5B%5D&#8221; subtitle_text_color=&#8221;deepgreen&#8221;][\/pergo_digital_strategy][vc_row_inner][vc_column_inner width=&#8221;1\/2&#8243; css=&#8221;.vc_custom_1583509830852{background-position: center !important;background-repeat: no-repeat !important;background-size: cover !important;}&#8221;][\/vc_column_inner][vc_column_inner width=&#8221;1\/12&#8243;][\/vc_column_inner][vc_column_inner width=&#8221;4\/12&#8243;][pergo_service_box icon_type=&#8221;image&#8221; icon_image=&#8221;https:\/\/www.servicios.gayso.com.co\/wp-content\/uploads\/2020\/01\/icon4-1.png&#8221; image_width=&#8221;70&#8243; title=&#8221;Medici\u00f3n de temperaturas (confort t\u00e9rmico o carga t\u00e9rmica)&#8221; subtitle=&#8221;&#8221; animation_delay=&#8221;300&#8243; title_font_container=&#8221;tag:p|size:xl|text_color:Default|text_underline:none|font_size:1.4rem|font_style:normal|&#8221; subtitle_font_container=&#8221;tag:h6|size:xl|text_color:grey-color|text_underline:none|&#8221;][pergo_service_box icon_type=&#8221;image&#8221; icon_image=&#8221;https:\/\/www.servicios.gayso.com.co\/wp-content\/uploads\/2020\/01\/icon6-1.png&#8221; image_width=&#8221;70&#8243; title=&#8221;Medici\u00f3n de gases y vapores seg\u00fan naturaleza del agente qu\u00edmico&#8221; subtitle=&#8221;&#8221; animation_delay=&#8221;300&#8243; title_font_container=&#8221;tag:p|size:xl|text_color:Default|text_underline:none|font_size:1.4rem|font_style:normal|&#8221; subtitle_font_container=&#8221;tag:h6|size:xl|text_color:grey-color|text_underline:none|&#8221;][pergo_service_box icon_type=&#8221;image&#8221; icon_image=&#8221;https:\/\/www.servicios.gayso.com.co\/wp-content\/uploads\/2020\/01\/icon8-1.png&#8221; image_width=&#8221;70&#8243; title=&#8221;Asesor\u00eda en el manejo seguro de sustancias qu\u00edmicas&#8221; subtitle=&#8221;&#8221; animation_delay=&#8221;300&#8243; title_font_container=&#8221;tag:p|size:xl|text_color:Default|text_underline:none|font_size:1.4rem|font_style:normal|&#8221; subtitle_font_container=&#8221;tag:h6|size:xl|text_color:grey-color|text_underline:none|&#8221;][pergo_service_box icon_type=&#8221;image&#8221; icon_image=&#8221;https:\/\/www.servicios.gayso.com.co\/wp-content\/uploads\/2020\/01\/icon5-1.png&#8221; image_width=&#8221;70&#8243; title=&#8221;Medici\u00f3n de vibraciones en segmento, cuerpo entero o mano\/brazo&#8221; subtitle=&#8221;&#8221; animation_delay=&#8221;300&#8243; title_font_container=&#8221;tag:p|size:xl|text_color:Default|text_underline:none|font_size:1.4rem|font_style:normal|&#8221; subtitle_font_container=&#8221;tag:h6|size:xl|text_color:grey-color|text_underline:none|&#8221;][pergo_service_box icon_type=&#8221;image&#8221; icon_image=&#8221;https:\/\/www.servicios.gayso.com.co\/wp-content\/uploads\/2020\/01\/icon7-1.png&#8221; image_width=&#8221;70&#8243; title=&#8221;An\u00e1lisis con laboratorio certificado por AIHA de muestras de agentes qu\u00edmicos&#8221; subtitle=&#8221;&#8221; animation_delay=&#8221;300&#8243; title_font_container=&#8221;tag:p|size:xl|text_color:Default|text_underline:none|font_size:1.4rem|font_style:normal|&#8221; subtitle_font_container=&#8221;tag:h6|size:xl|text_color:grey-color|text_underline:none|&#8221;][\/vc_column_inner][vc_column_inner width=&#8221;1\/12&#8243;][\/vc_column_inner][\/vc_row_inner][\/vc_column][vc_column][\/vc_column][\/vc_row][\/vc_section][vc_section full_width=&#8221;container-wide&#8221; el_id=&#8221;clientes&#8221;][vc_row][vc_column][pergo_section_title title=&#8221;Nuestros clientes&#8221; subtitle=&#8221;Algunas empresas que han confiado en nosotros&#8221; tag=&#8221;h3:h3-lg&#8221; title_text_color=&#8221;lightdark&#8221;][\/pergo_section_title][vc_row_inner][vc_column_inner width=&#8221;1\/12&#8243;][\/vc_column_inner][vc_column_inner width=&#8221;5\/6&#8243;][pergo_our_clients params=&#8221;%5B%7B%22title%22%3A%22Brand%20image%22%2C%22image%22%3A%22https%3A%2F%2Fwww.servicios.gayso.com.co%2Fwp-content%2Fuploads%2F2020%2F01%2Flogo1.png%22%7D%2C%7B%22title%22%3A%22Brand%20image%22%2C%22image%22%3A%22https%3A%2F%2Fwww.servicios.gayso.com.co%2Fwp-content%2Fuploads%2F2020%2F01%2Flogo2.png%22%7D%2C%7B%22title%22%3A%22Brand%20image%22%2C%22image%22%3A%22https%3A%2F%2Fwww.servicios.gayso.com.co%2Fwp-content%2Fuploads%2F2020%2F01%2Flogo3.png%22%7D%2C%7B%22title%22%3A%22Brand%20image%22%2C%22image%22%3A%22https%3A%2F%2Fwww.servicios.gayso.com.co%2Fwp-content%2Fuploads%2F2020%2F01%2Flogo4.png%22%7D%5D&#8221;][pergo_our_clients params=&#8221;%5B%7B%22title%22%3A%22Brand%20image%22%2C%22image%22%3A%22https%3A%2F%2Fwww.servicios.gayso.com.co%2Fwp-content%2Fuploads%2F2020%2F01%2Flogo5.png%22%7D%2C%7B%22title%22%3A%22Brand%20image%22%2C%22image%22%3A%22https%3A%2F%2Fwww.servicios.gayso.com.co%2Fwp-content%2Fuploads%2F2020%2F01%2Flogo6.png%22%7D%2C%7B%22title%22%3A%22Brand%20image%22%2C%22image%22%3A%22https%3A%2F%2Fwww.servicios.gayso.com.co%2Fwp-content%2Fuploads%2F2020%2F01%2Flogo7.png%22%7D%2C%7B%22title%22%3A%22Brand%20image%22%2C%22image%22%3A%22https%3A%2F%2Fwww.servicios.gayso.com.co%2Fwp-content%2Fuploads%2F2020%2F01%2Flogo8.png%22%7D%5D&#8221;][pergo_our_clients params=&#8221;%5B%7B%22title%22%3A%22Brand%20name%22%2C%22image%22%3A%22https%3A%2F%2Fwww.servicios.gayso.com.co%2Fwp-content%2Fuploads%2F2020%2F01%2Flogo11.png%22%7D%2C%7B%22title%22%3A%22Brand%20image%22%2C%22image%22%3A%22https%3A%2F%2Fwww.servicios.gayso.com.co%2Fwp-content%2Fuploads%2F2020%2F01%2Flogo9.png%22%7D%2C%7B%22title%22%3A%22Brand%20image%22%2C%22image%22%3A%22https%3A%2F%2Fwww.servicios.gayso.com.co%2Fwp-content%2Fuploads%2F2020%2F01%2Flogo10.png%22%7D%2C%7B%22title%22%3A%22Brand%20name%22%2C%22image%22%3A%22https%3A%2F%2Fwww.servicios.gayso.com.co%2Fwp-content%2Fuploads%2F2020%2F01%2Flogo11.png%22%7D%5D&#8221;][\/vc_column_inner][vc_column_inner width=&#8221;1\/12&#8243;][\/vc_column_inner][\/vc_row_inner][\/vc_column][\/vc_row][\/vc_section]<\/p>\n","protected":false},"excerpt":{"rendered":"<p>[vc_section enable_hero=&#8221;yes&#8221; hero_id=&#8221;hero-5&#8243; padding_class=&#8221;wide-0&#8243; css=&#8221;.vc_custom_1579836575772{background-image: url(https:\/\/www.servicios.gayso.com.co\/wp-content\/uploads\/2020\/01\/banner-01.jpg?id=3423) !important;background-position: center !important;background-repeat: no-repeat !important;background-size: cover !important;}&#8221; el_id=&#8221;hero-5&#8243;][vc_row el_id=&#8221;inicio&#8221;][vc_column][pergo_hero_content align=&#8221;left&#8221; column=&#8221;half&#8221; title=&#8221;Un buen espacio laboral es importante para el bienestar de todos&#8221; subtitle=&#8221;Servicios en higiene ocupacional, seguridad industrial y cuidado ambiental&#8221; right_content_type=&#8221;form&#8221; form_title=&#8221;\u00a1Solicita una&#8230;<\/p>\n","protected":false},"author":1,"featured_media":0,"parent":0,"menu_order":0,"comment_status":"closed","ping_status":"closed","template":"templates\/onepage-template.php","meta":[],"post_mailing_queue_ids":[],"_links":{"self":[{"href":"https:\/\/www.servicios.gayso.com.co\/index.php?rest_route=\/wp\/v2\/pages\/359"}],"collection":[{"href":"https:\/\/www.servicios.gayso.com.co\/index.php?rest_route=\/wp\/v2\/pages"}],"about":[{"href":"https:\/\/www.servicios.gayso.com.co\/index.php?rest_route=\/wp\/v2\/types\/page"}],"author":[{"embeddable":true,"href":"https:\/\/www.servicios.gayso.com.co\/index.php?rest_route=\/wp\/v2\/users\/1"}],"replies":[{"embeddable":true,"href":"https:\/\/www.servicios.gayso.com.co\/index.php?rest_route=%2Fwp%2Fv2%2Fcomments&post=359"}],"version-history":[{"count":24,"href":"https:\/\/www.servicios.gayso.com.co\/index.php?rest_route=\/wp\/v2\/pages\/359\/revisions"}],"predecessor-version":[{"id":3446,"href":"https:\/\/www.servicios.gayso.com.co\/index.php?rest_route=\/wp\/v2\/pages\/359\/revisions\/3446"}],"wp:attachment":[{"href":"https:\/\/www.servicios.gayso.com.co\/index.php?rest_route=%2Fwp%2Fv2%2Fmedia&parent=359"}],"curies":[{"name":"wp","href":"https:\/\/api.w.org\/{rel}","templated":true}]}}